{"id":42,"date":"2021-07-30T16:43:43","date_gmt":"2021-07-30T19:43:43","guid":{"rendered":"https:\/\/masaautocenter.com.br\/?page_id=42"},"modified":"2021-09-20T15:19:02","modified_gmt":"2021-09-20T18:19:02","slug":"contato","status":"publish","type":"page","link":"https:\/\/masaautocenter.com.br\/index.php\/contato\/","title":{"rendered":"Contato"},"content":{"rendered":"\t\t<div data-elementor-type=\"wp-page\" data-elementor-id=\"42\" class=\"elementor elementor-42\" data-elementor-post-type=\"page\">\n\t\t\t\t\t\t<section class=\"elementor-section elementor-top-section elementor-element elementor-element-071d3fc elementor-section-boxed elementor-section-height-default elementor-section-height-default\" data-id=\"071d3fc\" data-element_type=\"section\" data-settings=\"{&quot;background_background&quot;:&quot;classic&quot;}\">\n\t\t\t\t\t\t<div class=\"elementor-container elementor-column-gap-default\">\n\t\t\t\t\t<div class=\"elementor-column elementor-col-100 elementor-top-column elementor-element elementor-element-068fbbf\" data-id=\"068fbbf\" data-element_type=\"column\">\n\t\t\t<div class=\"elementor-widget-wrap elementor-element-populated\">\n\t\t\t\t\t\t\t<\/div>\n\t\t<\/div>\n\t\t\t\t\t<\/div>\n\t\t<\/section>\n\t\t\t\t<section class=\"elementor-section elementor-top-section elementor-element elementor-element-ff68cbf elementor-section-content-middle elementor-section-boxed elementor-section-height-default elementor-section-height-default\" data-id=\"ff68cbf\" data-element_type=\"section\">\n\t\t\t\t\t\t<div class=\"elementor-container elementor-column-gap-no\">\n\t\t\t\t\t<div class=\"elementor-column elementor-col-50 elementor-top-column elementor-element elementor-element-2a900b66\" data-id=\"2a900b66\" data-element_type=\"column\">\n\t\t\t<div class=\"elementor-widget-wrap elementor-element-populated\">\n\t\t\t\t\t\t<div class=\"elementor-element elementor-element-ef190a6 elementor-headline--style-highlight elementor-widget elementor-widget-animated-headline\" data-id=\"ef190a6\" data-element_type=\"widget\" data-settings=\"{&quot;highlighted_text&quot;:&quot;Clicar&quot;,&quot;headline_style&quot;:&quot;highlight&quot;,&quot;marker&quot;:&quot;circle&quot;,&quot;loop&quot;:&quot;yes&quot;,&quot;highlight_animation_duration&quot;:1200,&quot;highlight_iteration_delay&quot;:8000}\" data-widget_type=\"animated-headline.default\">\n\t\t\t\t<div class=\"elementor-widget-container\">\n\t\t\t\t\t\t\t<h3 class=\"elementor-headline\">\n\t\t\t\t\t<span class=\"elementor-headline-plain-text elementor-headline-text-wrapper\">Basta<\/span>\n\t\t\t\t<span class=\"elementor-headline-dynamic-wrapper elementor-headline-text-wrapper\">\n\t\t\t\t\t<span class=\"elementor-headline-dynamic-text elementor-headline-text-active\">Clicar<\/span>\n\t\t\t\t<\/span>\n\t\t\t\t\t<span class=\"elementor-headline-plain-text elementor-headline-text-wrapper\">na informa\u00e7\u00e3o que deseja!<\/span>\n\t\t\t\t\t<\/h3>\n\t\t\t\t\t\t<\/div>\n\t\t\t\t<\/div>\n\t\t\t\t<div class=\"elementor-element elementor-element-71455d16 elementor-position-left elementor-view-default elementor-mobile-position-top elementor-widget elementor-widget-icon-box\" data-id=\"71455d16\" data-element_type=\"widget\" data-widget_type=\"icon-box.default\">\n\t\t\t\t<div class=\"elementor-widget-container\">\n\t\t\t\t\t\t\t<div class=\"elementor-icon-box-wrapper\">\n\n\t\t\t\t\t\t<div class=\"elementor-icon-box-icon\">\n\t\t\t\t<a href=\"tel:03432352000\" class=\"elementor-icon\" tabindex=\"-1\" aria-label=\"LIGAR\">\n\t\t\t\t<i aria-hidden=\"true\" class=\"fas fa-phone\"><\/i>\t\t\t\t<\/a>\n\t\t\t<\/div>\n\t\t\t\n\t\t\t\t\t\t<div class=\"elementor-icon-box-content\">\n\n\t\t\t\t\t\t\t\t\t<h3 class=\"elementor-icon-box-title\">\n\t\t\t\t\t\t<a href=\"tel:03432352000\" >\n\t\t\t\t\t\t\tLIGAR\t\t\t\t\t\t<\/a>\n\t\t\t\t\t<\/h3>\n\t\t\t\t\n\t\t\t\t\t\t\t\t\t<p class=\"elementor-icon-box-description\">\n\t\t\t\t\t\t(34) 3235-2000\t\t\t\t\t<\/p>\n\t\t\t\t\n\t\t\t<\/div>\n\t\t\t\n\t\t<\/div>\n\t\t\t\t\t\t<\/div>\n\t\t\t\t<\/div>\n\t\t\t\t<div class=\"elementor-element elementor-element-2a76b60c elementor-position-left elementor-view-default elementor-mobile-position-top elementor-widget elementor-widget-icon-box\" data-id=\"2a76b60c\" data-element_type=\"widget\" data-widget_type=\"icon-box.default\">\n\t\t\t\t<div class=\"elementor-widget-container\">\n\t\t\t\t\t\t\t<div class=\"elementor-icon-box-wrapper\">\n\n\t\t\t\t\t\t<div class=\"elementor-icon-box-icon\">\n\t\t\t\t<a href=\"https:\/\/api.whatsapp.com\/send\/?phone=553492002548&#038;text&#038;app_absent=0\" class=\"elementor-icon\" tabindex=\"-1\" aria-label=\"WHATSAPP\">\n\t\t\t\t<i aria-hidden=\"true\" class=\"fab fa-whatsapp\"><\/i>\t\t\t\t<\/a>\n\t\t\t<\/div>\n\t\t\t\n\t\t\t\t\t\t<div class=\"elementor-icon-box-content\">\n\n\t\t\t\t\t\t\t\t\t<h3 class=\"elementor-icon-box-title\">\n\t\t\t\t\t\t<a href=\"https:\/\/api.whatsapp.com\/send\/?phone=553492002548&#038;text&#038;app_absent=0\" >\n\t\t\t\t\t\t\tWHATSAPP\t\t\t\t\t\t<\/a>\n\t\t\t\t\t<\/h3>\n\t\t\t\t\n\t\t\t\t\t\t\t\t\t<p class=\"elementor-icon-box-description\">\n\t\t\t\t\t\t(34) 99200-2548\t\t\t\t\t<\/p>\n\t\t\t\t\n\t\t\t<\/div>\n\t\t\t\n\t\t<\/div>\n\t\t\t\t\t\t<\/div>\n\t\t\t\t<\/div>\n\t\t\t\t<div class=\"elementor-element elementor-element-2adb9920 elementor-position-left elementor-view-default elementor-mobile-position-top elementor-widget elementor-widget-icon-box\" data-id=\"2adb9920\" data-element_type=\"widget\" data-widget_type=\"icon-box.default\">\n\t\t\t\t<div class=\"elementor-widget-container\">\n\t\t\t\t\t\t\t<div class=\"elementor-icon-box-wrapper\">\n\n\t\t\t\t\t\t<div class=\"elementor-icon-box-icon\">\n\t\t\t\t<a href=\"mailto:cliente@masaautocenter.com.br\" class=\"elementor-icon\" tabindex=\"-1\" aria-label=\"EMAIL\">\n\t\t\t\t<i aria-hidden=\"true\" class=\"far fa-envelope\"><\/i>\t\t\t\t<\/a>\n\t\t\t<\/div>\n\t\t\t\n\t\t\t\t\t\t<div class=\"elementor-icon-box-content\">\n\n\t\t\t\t\t\t\t\t\t<h3 class=\"elementor-icon-box-title\">\n\t\t\t\t\t\t<a href=\"mailto:cliente@masaautocenter.com.br\" >\n\t\t\t\t\t\t\tEMAIL\t\t\t\t\t\t<\/a>\n\t\t\t\t\t<\/h3>\n\t\t\t\t\n\t\t\t\t\t\t\t\t\t<p class=\"elementor-icon-box-description\">\n\t\t\t\t\t\tcliente@masaautocenter.com.br\t\t\t\t\t<\/p>\n\t\t\t\t\n\t\t\t<\/div>\n\t\t\t\n\t\t<\/div>\n\t\t\t\t\t\t<\/div>\n\t\t\t\t<\/div>\n\t\t\t\t<div class=\"elementor-element elementor-element-3e188b18 elementor-position-left elementor-view-default elementor-mobile-position-top elementor-widget elementor-widget-icon-box\" data-id=\"3e188b18\" data-element_type=\"widget\" data-widget_type=\"icon-box.default\">\n\t\t\t\t<div class=\"elementor-widget-container\">\n\t\t\t\t\t\t\t<div class=\"elementor-icon-box-wrapper\">\n\n\t\t\t\t\t\t<div class=\"elementor-icon-box-icon\">\n\t\t\t\t<a href=\"https:\/\/www.google.com\/maps\/place\/Masa+Auto+Center\/@-18.9248668,-48.2612023,15z\/data=!4m5!3m4!1s0x0:0x631756ec58649c40!8m2!3d-18.9249316!4d-48.2612152?sa=X&#038;ved=2ahUKEwidt9rz_JfyAhXfpZUCHUAkABwQ_BIwZ3oFCJwBEAU&#038;shorturl=1\" class=\"elementor-icon\" tabindex=\"-1\" aria-label=\"como chegar?\">\n\t\t\t\t<i aria-hidden=\"true\" class=\"fas fa-map-marker-alt\"><\/i>\t\t\t\t<\/a>\n\t\t\t<\/div>\n\t\t\t\n\t\t\t\t\t\t<div class=\"elementor-icon-box-content\">\n\n\t\t\t\t\t\t\t\t\t<h3 class=\"elementor-icon-box-title\">\n\t\t\t\t\t\t<a href=\"https:\/\/www.google.com\/maps\/place\/Masa+Auto+Center\/@-18.9248668,-48.2612023,15z\/data=!4m5!3m4!1s0x0:0x631756ec58649c40!8m2!3d-18.9249316!4d-48.2612152?sa=X&#038;ved=2ahUKEwidt9rz_JfyAhXfpZUCHUAkABwQ_BIwZ3oFCJwBEAU&#038;shorturl=1\" >\n\t\t\t\t\t\t\tcomo chegar?\t\t\t\t\t\t<\/a>\n\t\t\t\t\t<\/h3>\n\t\t\t\t\n\t\t\t\t\t\t\t\t\t<p class=\"elementor-icon-box-description\">\n\t\t\t\t\t\tAv. Jo\u00e3o Naves de \u00c1vila, 2977\t\t\t\t\t<\/p>\n\t\t\t\t\n\t\t\t<\/div>\n\t\t\t\n\t\t<\/div>\n\t\t\t\t\t\t<\/div>\n\t\t\t\t<\/div>\n\t\t\t\t\t<\/div>\n\t\t<\/div>\n\t\t\t\t<div class=\"elementor-column elementor-col-50 elementor-top-column elementor-element elementor-element-481df331\" data-id=\"481df331\" data-element_type=\"column\">\n\t\t\t<div class=\"elementor-widget-wrap elementor-element-populated\">\n\t\t\t\t\t\t<div class=\"elementor-element elementor-element-67005cca elementor-widget elementor-widget-image\" data-id=\"67005cca\" data-element_type=\"widget\" data-widget_type=\"image.default\">\n\t\t\t\t<div class=\"elementor-widget-container\">\n\t\t\t\t\t\t\t\t\t\t\t\t\t\t\t<img decoding=\"async\" src=\"https:\/\/masaautocenter.com.br\/wp-content\/uploads\/2021\/08\/imagem-foto-masa.png\" title=\"Masa Auto Center Uberl\u00e2ndia\" alt=\"Masa Auto Center Uberl\u00e2ndia\" loading=\"lazy\" \/>\t\t\t\t\t\t\t\t\t\t\t\t\t\t\t<\/div>\n\t\t\t\t<\/div>\n\t\t\t\t\t<\/div>\n\t\t<\/div>\n\t\t\t\t\t<\/div>\n\t\t<\/section>\n\t\t\t\t<section class=\"elementor-section elementor-top-section elementor-element elementor-element-e659493 elementor-section-boxed elementor-section-height-default elementor-section-height-default\" data-id=\"e659493\" data-element_type=\"section\" data-settings=\"{&quot;background_background&quot;:&quot;classic&quot;}\">\n\t\t\t\t\t\t<div class=\"elementor-container elementor-column-gap-default\">\n\t\t\t\t\t<div class=\"elementor-column elementor-col-100 elementor-top-column elementor-element elementor-element-6b45fae\" data-id=\"6b45fae\" data-element_type=\"column\">\n\t\t\t<div class=\"elementor-widget-wrap elementor-element-populated\">\n\t\t\t\t\t\t<div class=\"elementor-element elementor-element-c2d8d38 elementor-widget elementor-widget-google_maps\" data-id=\"c2d8d38\" data-element_type=\"widget\" data-widget_type=\"google_maps.default\">\n\t\t\t\t<div class=\"elementor-widget-container\">\n\t\t\t\t\t\t\t<div class=\"elementor-custom-embed\">\n\t\t\t<iframe loading=\"lazy\"\n\t\t\t\t\tsrc=\"https:\/\/maps.google.com\/maps?q=Av.%20Jo%C3%A3o%20Naves%20de%20%C3%81vila%2C%202977%20-%20Jardim%20Finotti%2C%20Uberl%C3%A2ndia%20-%20MG%2C%2038408-144&#038;t=m&#038;z=17&#038;output=embed&#038;iwloc=near\"\n\t\t\t\t\ttitle=\"Av. Jo\u00e3o Naves de \u00c1vila, 2977 - Jardim Finotti, Uberl\u00e2ndia - MG, 38408-144\"\n\t\t\t\t\taria-label=\"Av. Jo\u00e3o Naves de \u00c1vila, 2977 - Jardim Finotti, Uberl\u00e2ndia - MG, 38408-144\"\n\t\t\t><\/iframe>\n\t\t<\/div>\n\t\t\t\t\t\t<\/div>\n\t\t\t\t<\/div>\n\t\t\t\t\t<\/div>\n\t\t<\/div>\n\t\t\t\t\t<\/div>\n\t\t<\/section>\n\t\t\t\t<\/div>\n\t\t","protected":false},"excerpt":{"rendered":"<p>Basta Clicar na informa\u00e7\u00e3o que deseja! LIGAR (34) 3235-2000 WHATSAPP (34) 99200-2548 EMAIL cliente@masaautocenter.com.br como chegar? Av. Jo\u00e3o Naves de \u00c1vila, 2977<\/p>\n","protected":false},"author":1,"featured_media":0,"parent":0,"menu_order":0,"comment_status":"closed","ping_status":"closed","template":"elementor_theme","meta":{"_joinchat":[],"footnotes":""},"class_list":["post-42","page","type-page","status-publish","hentry"],"yoast_head":"<!-- This site is optimized with the Yoast SEO Premium plugin v26.0 (Yoast SEO v26.1.1) - https:\/\/yoast.com\/wordpress\/plugins\/seo\/ -->\n<title>Contato - Masa Auto Center - WhatsApp - Agendamento Online R\u00e1pido<\/title>\n<meta name=\"description\" content=\"Tudo para seu carro est\u00e1 aqui! Confira todas as formas de contato com a Masa Auto Center Uberl\u00e2ndia - Confira o Agendamento Online r\u00e1pido!\" \/>\n<meta name=\"robots\" content=\"index, follow, max-snippet:-1, max-image-preview:large, max-video-preview:-1\" \/>\n<link rel=\"canonical\" href=\"https:\/\/masaautocenter.com.br\/index.php\/contato\/\" \/>\n<meta property=\"og:locale\" content=\"en_US\" \/>\n<meta property=\"og:type\" content=\"article\" \/>\n<meta property=\"og:title\" content=\"Contato\" \/>\n<meta property=\"og:description\" content=\"Tudo para seu carro!Alinhamento, Amortecedores, Ar Condicionado, Balanceamento, Bateria, Escapamentos, Freios, Kit Servi\u00e7o, Limpeza do Sistema de Arrefecimento, Motor, Pneus, Regulagem Eletr\u00f4nica, Suspens\u00e3o, Troca de \u00d3leoUberl\u00e2ndia - Auto Center com quase 30 anos no mercado.\" \/>\n<meta property=\"og:url\" content=\"https:\/\/masaautocenter.com.br\/index.php\/contato\/\" \/>\n<meta property=\"og:site_name\" content=\"Masa Auto Center\" \/>\n<meta property=\"article:publisher\" content=\"https:\/\/www.facebook.com\/masajoaonaves\/\" \/>\n<meta property=\"article:modified_time\" content=\"2021-09-20T18:19:02+00:00\" \/>\n<meta property=\"og:image\" content=\"https:\/\/masaautocenter.com.br\/wp-content\/uploads\/2021\/08\/imagem-foto-masa.png\" \/>\n<meta name=\"twitter:card\" content=\"summary_large_image\" \/>\n<meta name=\"twitter:label1\" content=\"Est. reading time\" \/>\n\t<meta name=\"twitter:data1\" content=\"1 minute\" \/>\n<script type=\"application\/ld+json\" class=\"yoast-schema-graph\">{\"@context\":\"https:\/\/schema.org\",\"@graph\":[{\"@type\":\"WebPage\",\"@id\":\"https:\/\/masaautocenter.com.br\/index.php\/contato\/\",\"url\":\"https:\/\/masaautocenter.com.br\/index.php\/contato\/\",\"name\":\"Contato - Masa Auto Center - WhatsApp - Agendamento Online R\u00e1pido\",\"isPartOf\":{\"@id\":\"https:\/\/masaautocenter.com.br\/#website\"},\"primaryImageOfPage\":{\"@id\":\"https:\/\/masaautocenter.com.br\/index.php\/contato\/#primaryimage\"},\"image\":{\"@id\":\"https:\/\/masaautocenter.com.br\/index.php\/contato\/#primaryimage\"},\"thumbnailUrl\":\"https:\/\/masaautocenter.com.br\/wp-content\/uploads\/2021\/08\/imagem-foto-masa.png\",\"datePublished\":\"2021-07-30T19:43:43+00:00\",\"dateModified\":\"2021-09-20T18:19:02+00:00\",\"description\":\"Tudo para seu carro est\u00e1 aqui! Confira todas as formas de contato com a Masa Auto Center Uberl\u00e2ndia - Confira o Agendamento Online r\u00e1pido!\",\"breadcrumb\":{\"@id\":\"https:\/\/masaautocenter.com.br\/index.php\/contato\/#breadcrumb\"},\"inLanguage\":\"en-US\",\"potentialAction\":[{\"@type\":\"ReadAction\",\"target\":[\"https:\/\/masaautocenter.com.br\/index.php\/contato\/\"]}]},{\"@type\":\"ImageObject\",\"inLanguage\":\"en-US\",\"@id\":\"https:\/\/masaautocenter.com.br\/index.php\/contato\/#primaryimage\",\"url\":\"https:\/\/masaautocenter.com.br\/wp-content\/uploads\/2021\/08\/imagem-foto-masa.png\",\"contentUrl\":\"https:\/\/masaautocenter.com.br\/wp-content\/uploads\/2021\/08\/imagem-foto-masa.png\",\"width\":1000,\"height\":1000,\"caption\":\"Tudo para seu carro! Alinhamento, Amortecedores, Ar Condicionado, Balanceamento, Bateria, Escapamentos, Freios, Kit Servi\u00e7o, Limpeza do Sistema de Arrefecimento, Motor, Pneus, Regulagem Eletr\u00f4nica, Suspens\u00e3o, Troca de \u00d3leo Uberl\u00e2ndia - Auto Center com quase 30 anos no mercado.\"},{\"@type\":\"BreadcrumbList\",\"@id\":\"https:\/\/masaautocenter.com.br\/index.php\/contato\/#breadcrumb\",\"itemListElement\":[{\"@type\":\"ListItem\",\"position\":1,\"name\":\"Home\",\"item\":\"https:\/\/masaautocenter.com.br\/\"},{\"@type\":\"ListItem\",\"position\":2,\"name\":\"Contato\"}]},{\"@type\":\"WebSite\",\"@id\":\"https:\/\/masaautocenter.com.br\/#website\",\"url\":\"https:\/\/masaautocenter.com.br\/\",\"name\":\"Masa Auto Center\",\"description\":\"Auto Center em Uberl\u00e2ndia \",\"publisher\":{\"@id\":\"https:\/\/masaautocenter.com.br\/#organization\"},\"potentialAction\":[{\"@type\":\"SearchAction\",\"target\":{\"@type\":\"EntryPoint\",\"urlTemplate\":\"https:\/\/masaautocenter.com.br\/?s={search_term_string}\"},\"query-input\":{\"@type\":\"PropertyValueSpecification\",\"valueRequired\":true,\"valueName\":\"search_term_string\"}}],\"inLanguage\":\"en-US\"},{\"@type\":\"Organization\",\"@id\":\"https:\/\/masaautocenter.com.br\/#organization\",\"name\":\"Masa Auto Center Uberl\u00e2ndia\",\"url\":\"https:\/\/masaautocenter.com.br\/\",\"logo\":{\"@type\":\"ImageObject\",\"inLanguage\":\"en-US\",\"@id\":\"https:\/\/masaautocenter.com.br\/#\/schema\/logo\/image\/\",\"url\":\"https:\/\/masaautocenter.com.br\/wp-content\/uploads\/2021\/09\/Logo-Masa-Yost.png\",\"contentUrl\":\"https:\/\/masaautocenter.com.br\/wp-content\/uploads\/2021\/09\/Logo-Masa-Yost.png\",\"width\":750,\"height\":430,\"caption\":\"Masa Auto Center Uberl\u00e2ndia\"},\"image\":{\"@id\":\"https:\/\/masaautocenter.com.br\/#\/schema\/logo\/image\/\"},\"sameAs\":[\"https:\/\/www.facebook.com\/masajoaonaves\/\",\"https:\/\/www.instagram.com\/masaautocenter\/\"]}]}<\/script>\n<!-- \/ Yoast SEO Premium plugin. -->","yoast_head_json":{"title":"Contato - Masa Auto Center - WhatsApp - Agendamento Online R\u00e1pido","description":"Tudo para seu carro est\u00e1 aqui! Confira todas as formas de contato com a Masa Auto Center Uberl\u00e2ndia - Confira o Agendamento Online r\u00e1pido!","robots":{"index":"index","follow":"follow","max-snippet":"max-snippet:-1","max-image-preview":"max-image-preview:large","max-video-preview":"max-video-preview:-1"},"canonical":"https:\/\/masaautocenter.com.br\/index.php\/contato\/","og_locale":"en_US","og_type":"article","og_title":"Contato","og_description":"Tudo para seu carro!Alinhamento, Amortecedores, Ar Condicionado, Balanceamento, Bateria, Escapamentos, Freios, Kit Servi\u00e7o, Limpeza do Sistema de Arrefecimento, Motor, Pneus, Regulagem Eletr\u00f4nica, Suspens\u00e3o, Troca de \u00d3leoUberl\u00e2ndia - Auto Center com quase 30 anos no mercado.","og_url":"https:\/\/masaautocenter.com.br\/index.php\/contato\/","og_site_name":"Masa Auto Center","article_publisher":"https:\/\/www.facebook.com\/masajoaonaves\/","article_modified_time":"2021-09-20T18:19:02+00:00","og_image":[{"url":"https:\/\/masaautocenter.com.br\/wp-content\/uploads\/2021\/08\/imagem-foto-masa.png","type":"","width":"","height":""}],"twitter_card":"summary_large_image","twitter_misc":{"Est. reading time":"1 minute"},"schema":{"@context":"https:\/\/schema.org","@graph":[{"@type":"WebPage","@id":"https:\/\/masaautocenter.com.br\/index.php\/contato\/","url":"https:\/\/masaautocenter.com.br\/index.php\/contato\/","name":"Contato - Masa Auto Center - WhatsApp - Agendamento Online R\u00e1pido","isPartOf":{"@id":"https:\/\/masaautocenter.com.br\/#website"},"primaryImageOfPage":{"@id":"https:\/\/masaautocenter.com.br\/index.php\/contato\/#primaryimage"},"image":{"@id":"https:\/\/masaautocenter.com.br\/index.php\/contato\/#primaryimage"},"thumbnailUrl":"https:\/\/masaautocenter.com.br\/wp-content\/uploads\/2021\/08\/imagem-foto-masa.png","datePublished":"2021-07-30T19:43:43+00:00","dateModified":"2021-09-20T18:19:02+00:00","description":"Tudo para seu carro est\u00e1 aqui! Confira todas as formas de contato com a Masa Auto Center Uberl\u00e2ndia - Confira o Agendamento Online r\u00e1pido!","breadcrumb":{"@id":"https:\/\/masaautocenter.com.br\/index.php\/contato\/#breadcrumb"},"inLanguage":"en-US","potentialAction":[{"@type":"ReadAction","target":["https:\/\/masaautocenter.com.br\/index.php\/contato\/"]}]},{"@type":"ImageObject","inLanguage":"en-US","@id":"https:\/\/masaautocenter.com.br\/index.php\/contato\/#primaryimage","url":"https:\/\/masaautocenter.com.br\/wp-content\/uploads\/2021\/08\/imagem-foto-masa.png","contentUrl":"https:\/\/masaautocenter.com.br\/wp-content\/uploads\/2021\/08\/imagem-foto-masa.png","width":1000,"height":1000,"caption":"Tudo para seu carro! Alinhamento, Amortecedores, Ar Condicionado, Balanceamento, Bateria, Escapamentos, Freios, Kit Servi\u00e7o, Limpeza do Sistema de Arrefecimento, Motor, Pneus, Regulagem Eletr\u00f4nica, Suspens\u00e3o, Troca de \u00d3leo Uberl\u00e2ndia - Auto Center com quase 30 anos no mercado."},{"@type":"BreadcrumbList","@id":"https:\/\/masaautocenter.com.br\/index.php\/contato\/#breadcrumb","itemListElement":[{"@type":"ListItem","position":1,"name":"Home","item":"https:\/\/masaautocenter.com.br\/"},{"@type":"ListItem","position":2,"name":"Contato"}]},{"@type":"WebSite","@id":"https:\/\/masaautocenter.com.br\/#website","url":"https:\/\/masaautocenter.com.br\/","name":"Masa Auto Center","description":"Auto Center em Uberl\u00e2ndia ","publisher":{"@id":"https:\/\/masaautocenter.com.br\/#organization"},"potentialAction":[{"@type":"SearchAction","target":{"@type":"EntryPoint","urlTemplate":"https:\/\/masaautocenter.com.br\/?s={search_term_string}"},"query-input":{"@type":"PropertyValueSpecification","valueRequired":true,"valueName":"search_term_string"}}],"inLanguage":"en-US"},{"@type":"Organization","@id":"https:\/\/masaautocenter.com.br\/#organization","name":"Masa Auto Center Uberl\u00e2ndia","url":"https:\/\/masaautocenter.com.br\/","logo":{"@type":"ImageObject","inLanguage":"en-US","@id":"https:\/\/masaautocenter.com.br\/#\/schema\/logo\/image\/","url":"https:\/\/masaautocenter.com.br\/wp-content\/uploads\/2021\/09\/Logo-Masa-Yost.png","contentUrl":"https:\/\/masaautocenter.com.br\/wp-content\/uploads\/2021\/09\/Logo-Masa-Yost.png","width":750,"height":430,"caption":"Masa Auto Center Uberl\u00e2ndia"},"image":{"@id":"https:\/\/masaautocenter.com.br\/#\/schema\/logo\/image\/"},"sameAs":["https:\/\/www.facebook.com\/masajoaonaves\/","https:\/\/www.instagram.com\/masaautocenter\/"]}]}},"_links":{"self":[{"href":"https:\/\/masaautocenter.com.br\/index.php\/wp-json\/wp\/v2\/pages\/42","targetHints":{"allow":["GET"]}}],"collection":[{"href":"https:\/\/masaautocenter.com.br\/index.php\/wp-json\/wp\/v2\/pages"}],"about":[{"href":"https:\/\/masaautocenter.com.br\/index.php\/wp-json\/wp\/v2\/types\/page"}],"author":[{"embeddable":true,"href":"https:\/\/masaautocenter.com.br\/index.php\/wp-json\/wp\/v2\/users\/1"}],"replies":[{"embeddable":true,"href":"https:\/\/masaautocenter.com.br\/index.php\/wp-json\/wp\/v2\/comments?post=42"}],"version-history":[{"count":1,"href":"https:\/\/masaautocenter.com.br\/index.php\/wp-json\/wp\/v2\/pages\/42\/revisions"}],"predecessor-version":[{"id":1058,"href":"https:\/\/masaautocenter.com.br\/index.php\/wp-json\/wp\/v2\/pages\/42\/revisions\/1058"}],"wp:attachment":[{"href":"https:\/\/masaautocenter.com.br\/index.php\/wp-json\/wp\/v2\/media?parent=42"}],"curies":[{"name":"wp","href":"https:\/\/api.w.org\/{rel}","templated":true}]}}