{"id":39,"date":"2021-07-30T16:43:12","date_gmt":"2021-07-30T19:43:12","guid":{"rendered":"https:\/\/masaautocenter.com.br\/?page_id=39"},"modified":"2024-07-23T10:07:13","modified_gmt":"2024-07-23T13:07:13","slug":"promocoes","status":"publish","type":"page","link":"https:\/\/masaautocenter.com.br\/index.php\/promocoes\/","title":{"rendered":"Promo\u00e7\u00f5es"},"content":{"rendered":"\t\t<div data-elementor-type=\"wp-page\" data-elementor-id=\"39\" class=\"elementor elementor-39\" data-elementor-post-type=\"page\">\n\t\t\t\t\t\t<section class=\"elementor-section elementor-top-section elementor-element elementor-element-dcf2f27 elementor-section-boxed elementor-section-height-default elementor-section-height-default\" data-id=\"dcf2f27\" data-element_type=\"section\" data-settings=\"{&quot;background_background&quot;:&quot;classic&quot;}\">\n\t\t\t\t\t\t<div class=\"elementor-container elementor-column-gap-default\">\n\t\t\t\t\t<div class=\"elementor-column elementor-col-100 elementor-top-column elementor-element elementor-element-06b9647\" data-id=\"06b9647\" data-element_type=\"column\">\n\t\t\t<div class=\"elementor-widget-wrap elementor-element-populated\">\n\t\t\t\t\t\t\t<\/div>\n\t\t<\/div>\n\t\t\t\t\t<\/div>\n\t\t<\/section>\n\t\t\t\t<section class=\"elementor-section elementor-top-section elementor-element elementor-element-c442ac5 elementor-section-boxed elementor-section-height-default elementor-section-height-default\" data-id=\"c442ac5\" data-element_type=\"section\">\n\t\t\t\t\t\t<div class=\"elementor-container elementor-column-gap-default\">\n\t\t\t\t\t<div class=\"elementor-column elementor-col-100 elementor-top-column elementor-element elementor-element-cd53251\" data-id=\"cd53251\" data-element_type=\"column\">\n\t\t\t<div class=\"elementor-widget-wrap elementor-element-populated\">\n\t\t\t\t\t\t<div class=\"elementor-element elementor-element-77516b2 elementor-cta--layout-image-right elementor-cta--mobile-layout-image-above elementor-cta--skin-classic elementor-animated-content elementor-bg-transform elementor-bg-transform-zoom-in elementor-widget elementor-widget-call-to-action\" data-id=\"77516b2\" data-element_type=\"widget\" data-widget_type=\"call-to-action.default\">\n\t\t\t\t<div class=\"elementor-widget-container\">\n\t\t\t\t\t\t\t<a class=\"elementor-cta\" href=\"https:\/\/api.whatsapp.com\/send?phone=5534992002548&#038;text=Ol%C3%A1!%20%C3%89%20o%20m%C3%AAs%20do%20meu%20anivers%C3%A1rio%2C%20gostaria%20de%20maiores%20informa%C3%A7%C3%B5es%20sobre%20a%20promo%C3%A7%C3%A3o.\">\n\t\t\t\t\t<div class=\"elementor-cta__bg-wrapper\">\n\t\t\t\t<div class=\"elementor-cta__bg elementor-bg\" style=\"background-image: url(https:\/\/masaautocenter.com.br\/wp-content\/uploads\/2022\/10\/kawanosviskPrancheta-2-co\u0301pia-1024x576.jpg);\" role=\"img\" aria-label=\"kawanosviskPrancheta 2 co\u0301pia\"><\/div>\n\t\t\t\t<div class=\"elementor-cta__bg-overlay\"><\/div>\n\t\t\t<\/div>\n\t\t\t\t\t\t\t<div class=\"elementor-cta__content\">\n\t\t\t\t\n\t\t\t\t\t\t\t\t\t<h2 class=\"elementor-cta__title elementor-cta__content-item elementor-content-item\">\n\t\t\t\t\t\tPromo\u00e7\u00e3o de Anivers\u00e1rio\t\t\t\t\t<\/h2>\n\t\t\t\t\n\t\t\t\t\t\t\t\t\t<div class=\"elementor-cta__description elementor-cta__content-item elementor-content-item\">\n\t\t\t\t\t\tNo m\u00eas do seu anivers\u00e1rio temos um presente para voc\u00ea!\nGanhe uma  <font color=\"#1F2D51\">Sanitiza\u00e7\u00e3o de Oz\u00f4nio + 50% no Alinhamento e Balanceamento.\n\t\t\t\t\t<\/div>\n\t\t\t\t\n\t\t\t\t\t\t\t\t\t<div class=\"elementor-cta__button-wrapper elementor-cta__content-item elementor-content-item \">\n\t\t\t\t\t<span class=\"elementor-cta__button elementor-button elementor-size-\">\n\t\t\t\t\t\tParticipar da Promo\u00e7\u00e3o\t\t\t\t\t<\/span>\n\t\t\t\t\t<\/div>\n\t\t\t\t\t\t\t<\/div>\n\t\t\t\t\t\t<\/a>\n\t\t\t\t\t\t<\/div>\n\t\t\t\t<\/div>\n\t\t\t\t<div class=\"elementor-element elementor-element-ac8356d elementor-cta--layout-image-right elementor-cta--mobile-layout-image-above elementor-cta--skin-classic elementor-animated-content elementor-bg-transform elementor-bg-transform-zoom-in elementor-widget elementor-widget-call-to-action\" data-id=\"ac8356d\" data-element_type=\"widget\" data-widget_type=\"call-to-action.default\">\n\t\t\t\t<div class=\"elementor-widget-container\">\n\t\t\t\t\t\t\t<a class=\"elementor-cta\" href=\"https:\/\/api.whatsapp.com\/send?phone=5534992002548&#038;text=Ol%C3%A1%2C%20gostaria%20de%20maiores%20informa%C3%A7%C3%B5es%20sobre%20a%20promo%C3%A7%C3%A3o%20de%20Alinhamento%20e%20Balanceamento\">\n\t\t\t\t\t<div class=\"elementor-cta__bg-wrapper\">\n\t\t\t\t<div class=\"elementor-cta__bg elementor-bg\" style=\"background-image: url(https:\/\/masaautocenter.com.br\/wp-content\/uploads\/2021\/08\/Alinhamento-1024x683.jpeg);\" role=\"img\" aria-label=\"Masa Auto Center Uberl\u00e2ndia\"><\/div>\n\t\t\t\t<div class=\"elementor-cta__bg-overlay\"><\/div>\n\t\t\t<\/div>\n\t\t\t\t\t\t\t<div class=\"elementor-cta__content\">\n\t\t\t\t\n\t\t\t\t\t\t\t\t\t<h2 class=\"elementor-cta__title elementor-cta__content-item elementor-content-item\">\n\t\t\t\t\t\tAlinhamento \t\t\t\t\t<\/h2>\n\t\t\t\t\n\t\t\t\t\t\t\t\t\t<div class=\"elementor-cta__description elementor-cta__content-item elementor-content-item\">\n\t\t\t\t\t\tCarros populares Hatch - R$97,00<br>\nCarros Sedan - R$127,00<br>\nSUV e Caminhonetes - R$170,00\t\t\t\t\t<\/div>\n\t\t\t\t\n\t\t\t\t\t\t\t\t\t<div class=\"elementor-cta__button-wrapper elementor-cta__content-item elementor-content-item \">\n\t\t\t\t\t<span class=\"elementor-cta__button elementor-button elementor-size-\">\n\t\t\t\t\t\tParticipar da Promo\u00e7\u00e3o\t\t\t\t\t<\/span>\n\t\t\t\t\t<\/div>\n\t\t\t\t\t\t\t<\/div>\n\t\t\t\t\t\t<\/a>\n\t\t\t\t\t\t<\/div>\n\t\t\t\t<\/div>\n\t\t\t\t<div class=\"elementor-element elementor-element-d29f409 elementor-cta--layout-image-right elementor-cta--mobile-layout-image-above elementor-cta--skin-classic elementor-animated-content elementor-bg-transform elementor-bg-transform-zoom-in elementor-widget elementor-widget-call-to-action\" data-id=\"d29f409\" data-element_type=\"widget\" data-widget_type=\"call-to-action.default\">\n\t\t\t\t<div class=\"elementor-widget-container\">\n\t\t\t\t\t\t\t<a class=\"elementor-cta\" href=\"https:\/\/api.whatsapp.com\/send?phone=5534992002548&#038;text=Ol%C3%A1%2C%20gostaria%20de%20maiores%20informa%C3%A7%C3%B5es%20para%20ganhar%20a%20Sinaliza%C3%A7%C3%A3o%20de%20Oz%C3%B4nio%20na%20da%20troca%20de%20%C3%B3leo.%20\">\n\t\t\t\t\t<div class=\"elementor-cta__bg-wrapper\">\n\t\t\t\t<div class=\"elementor-cta__bg elementor-bg\" style=\"background-image: url(https:\/\/masaautocenter.com.br\/wp-content\/uploads\/2022\/06\/how-to-change-truck-oil.jpg);\" role=\"img\" aria-label=\"how-to-change-truck-oil\"><\/div>\n\t\t\t\t<div class=\"elementor-cta__bg-overlay\"><\/div>\n\t\t\t<\/div>\n\t\t\t\t\t\t\t<div class=\"elementor-cta__content\">\n\t\t\t\t\n\t\t\t\t\t\t\t\t\t<h2 class=\"elementor-cta__title elementor-cta__content-item elementor-content-item\">\n\t\t\t\t\t\tGanhe uma Sanitiza\u00e7\u00e3o de Oz\u00f4nio!\t\t\t\t\t<\/h2>\n\t\t\t\t\n\t\t\t\t\t\t\t\t\t<div class=\"elementor-cta__description elementor-cta__content-item elementor-content-item\">\n\t\t\t\t\t\tNa troca de \u00f3leo, com todos os filtros, voc\u00ea ganha uma Sanitiza\u00e7\u00e3o de Oz\u00f4nio.  \t\t\t\t\t<\/div>\n\t\t\t\t\n\t\t\t\t\t\t\t\t\t<div class=\"elementor-cta__button-wrapper elementor-cta__content-item elementor-content-item \">\n\t\t\t\t\t<span class=\"elementor-cta__button elementor-button elementor-size-\">\n\t\t\t\t\t\tParticipar da Promo\u00e7\u00e3o\t\t\t\t\t<\/span>\n\t\t\t\t\t<\/div>\n\t\t\t\t\t\t\t<\/div>\n\t\t\t\t\t\t<\/a>\n\t\t\t\t\t\t<\/div>\n\t\t\t\t<\/div>\n\t\t\t\t<div class=\"elementor-element elementor-element-7905b7f elementor-cta--layout-image-right elementor-cta--mobile-layout-image-above elementor-cta--skin-classic elementor-animated-content elementor-bg-transform elementor-bg-transform-zoom-in elementor-widget elementor-widget-call-to-action\" data-id=\"7905b7f\" data-element_type=\"widget\" data-widget_type=\"call-to-action.default\">\n\t\t\t\t<div class=\"elementor-widget-container\">\n\t\t\t\t\t\t\t<a class=\"elementor-cta\" href=\"https:\/\/api.whatsapp.com\/send?phone=5534992002548&#038;text=Ol%C3%A1%2C%20gostaria%20de%20maiores%20informa%C3%A7%C3%B5es%20sobre%20o%20desconto%20na%20Sanitiza%C3%A7%C3%A3o%20com%20Oz%C3%B4nio\">\n\t\t\t\t\t<div class=\"elementor-cta__bg-wrapper\">\n\t\t\t\t<div class=\"elementor-cta__bg elementor-bg\" style=\"background-image: url(https:\/\/masaautocenter.com.br\/wp-content\/uploads\/2022\/06\/Blog_Oxi-sanitizac\u0327a\u0303o-saiba-o-que-e\u0301-e-quais-sa\u0303o-os-benefi\u0301cios-desse-processo_Maquina\u0301ria-960x612-1-e1656613431716.webp);\" role=\"img\" aria-label=\"Blog_Oxi-sanitizac\u0327a\u0303o-saiba-o-que-e\u0301-e-quais-sa\u0303o-os-benefi\u0301cios-desse-processo_Maquina\u0301ria-960x612\"><\/div>\n\t\t\t\t<div class=\"elementor-cta__bg-overlay\"><\/div>\n\t\t\t<\/div>\n\t\t\t\t\t\t\t<div class=\"elementor-cta__content\">\n\t\t\t\t\n\t\t\t\t\t\t\t\t\t<h2 class=\"elementor-cta__title elementor-cta__content-item elementor-content-item\">\n\t\t\t\t\t\tPromo\u00e7\u00e3o - Sanitiza\u00e7\u00e3o de Oz\u00f4nio\t\t\t\t\t<\/h2>\n\t\t\t\t\n\t\t\t\t\t\t\t\t\t<div class=\"elementor-cta__description elementor-cta__content-item elementor-content-item\">\n\t\t\t\t\t\tO oz\u00f4nio \u00e9 200 vezes mais forte que o cloro, altamente efetivo na destrui\u00e7\u00e3o de micro-organismos e v\u00edrus.<br><br>\nDe: R$149,90<br>\nPor: R$97,90\t\t\t\t\t<\/div>\n\t\t\t\t\n\t\t\t\t\t\t\t\t\t<div class=\"elementor-cta__button-wrapper elementor-cta__content-item elementor-content-item \">\n\t\t\t\t\t<span class=\"elementor-cta__button elementor-button elementor-size-\">\n\t\t\t\t\t\tParticipar da Promo\u00e7\u00e3o\t\t\t\t\t<\/span>\n\t\t\t\t\t<\/div>\n\t\t\t\t\t\t\t<\/div>\n\t\t\t\t\t\t<\/a>\n\t\t\t\t\t\t<\/div>\n\t\t\t\t<\/div>\n\t\t\t\t\t<\/div>\n\t\t<\/div>\n\t\t\t\t\t<\/div>\n\t\t<\/section>\n\t\t\t\t<\/div>\n\t\t","protected":false},"excerpt":{"rendered":"<p>Promo\u00e7\u00e3o de Anivers\u00e1rio No m\u00eas do seu anivers\u00e1rio temos um presente para voc\u00ea! Ganhe uma Sanitiza\u00e7\u00e3o de Oz\u00f4nio + 50% no Alinhamento e Balanceamento. Participar da Promo\u00e7\u00e3o Alinhamento Carros populares Hatch &#8211; R$97,00 Carros Sedan &#8211; R$127,00 SUV e Caminhonetes &#8211; R$170,00 Participar da Promo\u00e7\u00e3o Ganhe uma Sanitiza\u00e7\u00e3o de Oz\u00f4nio! Na troca de \u00f3leo, com [&hellip;]<\/p>\n","protected":false},"author":1,"featured_media":680,"parent":0,"menu_order":0,"comment_status":"closed","ping_status":"closed","template":"","meta":{"_joinchat":[],"footnotes":""},"class_list":["post-39","page","type-page","status-publish","has-post-thumbnail","hentry"],"yoast_head":"<!-- This site is optimized with the Yoast SEO Premium plugin v26.0 (Yoast SEO v26.1.1) - https:\/\/yoast.com\/wordpress\/plugins\/seo\/ -->\n<title>Promo\u00e7\u00f5es na Masa Auto Center - Confira a Promo\u00e7\u00e3o deste m\u00eas!<\/title>\n<meta name=\"description\" content=\"Confira as Promo\u00e7\u00f5es na Masa Auto Center, todo m\u00eas uma promo\u00e7\u00e3o diferente, Venha participar! Confira a promo\u00e7\u00e3o desse m\u00eas!\" \/>\n<meta name=\"robots\" content=\"index, follow, max-snippet:-1, max-image-preview:large, max-video-preview:-1\" \/>\n<link rel=\"canonical\" href=\"https:\/\/masaautocenter.com.br\/index.php\/promocoes\/\" \/>\n<meta property=\"og:locale\" content=\"en_US\" \/>\n<meta property=\"og:type\" content=\"article\" \/>\n<meta property=\"og:title\" content=\"Promo\u00e7\u00f5es\" \/>\n<meta property=\"og:description\" content=\"Tudo para seu carro!Alinhamento, Amortecedores, Ar Condicionado, Balanceamento, Bateria, Escapamentos, Freios, Kit Servi\u00e7o, Limpeza do Sistema de Arrefecimento, Motor, Pneus, Regulagem Eletr\u00f4nica, Suspens\u00e3o, Troca de \u00d3leoUberl\u00e2ndia - Auto Center com quase 30 anos no mercado.\" \/>\n<meta property=\"og:url\" content=\"https:\/\/masaautocenter.com.br\/index.php\/promocoes\/\" \/>\n<meta property=\"og:site_name\" content=\"Masa Auto Center\" \/>\n<meta property=\"article:publisher\" content=\"https:\/\/www.facebook.com\/masajoaonaves\/\" \/>\n<meta property=\"article:modified_time\" content=\"2024-07-23T13:07:13+00:00\" \/>\n<meta property=\"og:image\" content=\"https:\/\/masaautocenter.com.br\/wp-content\/uploads\/2021\/08\/Alinhamento.jpeg\" \/>\n\t<meta property=\"og:image:width\" content=\"1254\" \/>\n\t<meta property=\"og:image:height\" content=\"836\" \/>\n\t<meta property=\"og:image:type\" content=\"image\/jpeg\" \/>\n<meta name=\"twitter:card\" content=\"summary_large_image\" \/>\n<meta name=\"twitter:label1\" content=\"Est. reading time\" \/>\n\t<meta name=\"twitter:data1\" content=\"1 minute\" \/>\n<script type=\"application\/ld+json\" class=\"yoast-schema-graph\">{\"@context\":\"https:\/\/schema.org\",\"@graph\":[{\"@type\":\"WebPage\",\"@id\":\"https:\/\/masaautocenter.com.br\/index.php\/promocoes\/\",\"url\":\"https:\/\/masaautocenter.com.br\/index.php\/promocoes\/\",\"name\":\"Promo\u00e7\u00f5es na Masa Auto Center - Confira a Promo\u00e7\u00e3o deste m\u00eas!\",\"isPartOf\":{\"@id\":\"https:\/\/masaautocenter.com.br\/#website\"},\"primaryImageOfPage\":{\"@id\":\"https:\/\/masaautocenter.com.br\/index.php\/promocoes\/#primaryimage\"},\"image\":{\"@id\":\"https:\/\/masaautocenter.com.br\/index.php\/promocoes\/#primaryimage\"},\"thumbnailUrl\":\"https:\/\/masaautocenter.com.br\/wp-content\/uploads\/2021\/08\/Alinhamento.jpeg\",\"datePublished\":\"2021-07-30T19:43:12+00:00\",\"dateModified\":\"2024-07-23T13:07:13+00:00\",\"description\":\"Confira as Promo\u00e7\u00f5es na Masa Auto Center, todo m\u00eas uma promo\u00e7\u00e3o diferente, Venha participar! Confira a promo\u00e7\u00e3o desse m\u00eas!\",\"breadcrumb\":{\"@id\":\"https:\/\/masaautocenter.com.br\/index.php\/promocoes\/#breadcrumb\"},\"inLanguage\":\"en-US\",\"potentialAction\":[{\"@type\":\"ReadAction\",\"target\":[\"https:\/\/masaautocenter.com.br\/index.php\/promocoes\/\"]}]},{\"@type\":\"ImageObject\",\"inLanguage\":\"en-US\",\"@id\":\"https:\/\/masaautocenter.com.br\/index.php\/promocoes\/#primaryimage\",\"url\":\"https:\/\/masaautocenter.com.br\/wp-content\/uploads\/2021\/08\/Alinhamento.jpeg\",\"contentUrl\":\"https:\/\/masaautocenter.com.br\/wp-content\/uploads\/2021\/08\/Alinhamento.jpeg\",\"width\":1254,\"height\":836,\"caption\":\"Tudo para seu carro! Alinhamento, Amortecedores, Ar Condicionado, Balanceamento, Bateria, Escapamentos, Freios, Kit Servi\u00e7o, Limpeza do Sistema de Arrefecimento, Motor, Pneus, Regulagem Eletr\u00f4nica, Suspens\u00e3o, Troca de \u00d3leo Uberl\u00e2ndia - Auto Center com quase 30 anos no mercado.\"},{\"@type\":\"BreadcrumbList\",\"@id\":\"https:\/\/masaautocenter.com.br\/index.php\/promocoes\/#breadcrumb\",\"itemListElement\":[{\"@type\":\"ListItem\",\"position\":1,\"name\":\"Home\",\"item\":\"https:\/\/masaautocenter.com.br\/\"},{\"@type\":\"ListItem\",\"position\":2,\"name\":\"Promo\u00e7\u00f5es\"}]},{\"@type\":\"WebSite\",\"@id\":\"https:\/\/masaautocenter.com.br\/#website\",\"url\":\"https:\/\/masaautocenter.com.br\/\",\"name\":\"Masa Auto Center\",\"description\":\"Auto Center em Uberl\u00e2ndia \",\"publisher\":{\"@id\":\"https:\/\/masaautocenter.com.br\/#organization\"},\"potentialAction\":[{\"@type\":\"SearchAction\",\"target\":{\"@type\":\"EntryPoint\",\"urlTemplate\":\"https:\/\/masaautocenter.com.br\/?s={search_term_string}\"},\"query-input\":{\"@type\":\"PropertyValueSpecification\",\"valueRequired\":true,\"valueName\":\"search_term_string\"}}],\"inLanguage\":\"en-US\"},{\"@type\":\"Organization\",\"@id\":\"https:\/\/masaautocenter.com.br\/#organization\",\"name\":\"Masa Auto Center Uberl\u00e2ndia\",\"url\":\"https:\/\/masaautocenter.com.br\/\",\"logo\":{\"@type\":\"ImageObject\",\"inLanguage\":\"en-US\",\"@id\":\"https:\/\/masaautocenter.com.br\/#\/schema\/logo\/image\/\",\"url\":\"https:\/\/masaautocenter.com.br\/wp-content\/uploads\/2021\/09\/Logo-Masa-Yost.png\",\"contentUrl\":\"https:\/\/masaautocenter.com.br\/wp-content\/uploads\/2021\/09\/Logo-Masa-Yost.png\",\"width\":750,\"height\":430,\"caption\":\"Masa Auto Center Uberl\u00e2ndia\"},\"image\":{\"@id\":\"https:\/\/masaautocenter.com.br\/#\/schema\/logo\/image\/\"},\"sameAs\":[\"https:\/\/www.facebook.com\/masajoaonaves\/\",\"https:\/\/www.instagram.com\/masaautocenter\/\"]}]}<\/script>\n<!-- \/ Yoast SEO Premium plugin. -->","yoast_head_json":{"title":"Promo\u00e7\u00f5es na Masa Auto Center - Confira a Promo\u00e7\u00e3o deste m\u00eas!","description":"Confira as Promo\u00e7\u00f5es na Masa Auto Center, todo m\u00eas uma promo\u00e7\u00e3o diferente, Venha participar! Confira a promo\u00e7\u00e3o desse m\u00eas!","robots":{"index":"index","follow":"follow","max-snippet":"max-snippet:-1","max-image-preview":"max-image-preview:large","max-video-preview":"max-video-preview:-1"},"canonical":"https:\/\/masaautocenter.com.br\/index.php\/promocoes\/","og_locale":"en_US","og_type":"article","og_title":"Promo\u00e7\u00f5es","og_description":"Tudo para seu carro!Alinhamento, Amortecedores, Ar Condicionado, Balanceamento, Bateria, Escapamentos, Freios, Kit Servi\u00e7o, Limpeza do Sistema de Arrefecimento, Motor, Pneus, Regulagem Eletr\u00f4nica, Suspens\u00e3o, Troca de \u00d3leoUberl\u00e2ndia - Auto Center com quase 30 anos no mercado.","og_url":"https:\/\/masaautocenter.com.br\/index.php\/promocoes\/","og_site_name":"Masa Auto Center","article_publisher":"https:\/\/www.facebook.com\/masajoaonaves\/","article_modified_time":"2024-07-23T13:07:13+00:00","og_image":[{"width":1254,"height":836,"url":"https:\/\/masaautocenter.com.br\/wp-content\/uploads\/2021\/08\/Alinhamento.jpeg","type":"image\/jpeg"}],"twitter_card":"summary_large_image","twitter_misc":{"Est. reading time":"1 minute"},"schema":{"@context":"https:\/\/schema.org","@graph":[{"@type":"WebPage","@id":"https:\/\/masaautocenter.com.br\/index.php\/promocoes\/","url":"https:\/\/masaautocenter.com.br\/index.php\/promocoes\/","name":"Promo\u00e7\u00f5es na Masa Auto Center - Confira a Promo\u00e7\u00e3o deste m\u00eas!","isPartOf":{"@id":"https:\/\/masaautocenter.com.br\/#website"},"primaryImageOfPage":{"@id":"https:\/\/masaautocenter.com.br\/index.php\/promocoes\/#primaryimage"},"image":{"@id":"https:\/\/masaautocenter.com.br\/index.php\/promocoes\/#primaryimage"},"thumbnailUrl":"https:\/\/masaautocenter.com.br\/wp-content\/uploads\/2021\/08\/Alinhamento.jpeg","datePublished":"2021-07-30T19:43:12+00:00","dateModified":"2024-07-23T13:07:13+00:00","description":"Confira as Promo\u00e7\u00f5es na Masa Auto Center, todo m\u00eas uma promo\u00e7\u00e3o diferente, Venha participar! Confira a promo\u00e7\u00e3o desse m\u00eas!","breadcrumb":{"@id":"https:\/\/masaautocenter.com.br\/index.php\/promocoes\/#breadcrumb"},"inLanguage":"en-US","potentialAction":[{"@type":"ReadAction","target":["https:\/\/masaautocenter.com.br\/index.php\/promocoes\/"]}]},{"@type":"ImageObject","inLanguage":"en-US","@id":"https:\/\/masaautocenter.com.br\/index.php\/promocoes\/#primaryimage","url":"https:\/\/masaautocenter.com.br\/wp-content\/uploads\/2021\/08\/Alinhamento.jpeg","contentUrl":"https:\/\/masaautocenter.com.br\/wp-content\/uploads\/2021\/08\/Alinhamento.jpeg","width":1254,"height":836,"caption":"Tudo para seu carro! Alinhamento, Amortecedores, Ar Condicionado, Balanceamento, Bateria, Escapamentos, Freios, Kit Servi\u00e7o, Limpeza do Sistema de Arrefecimento, Motor, Pneus, Regulagem Eletr\u00f4nica, Suspens\u00e3o, Troca de \u00d3leo Uberl\u00e2ndia - Auto Center com quase 30 anos no mercado."},{"@type":"BreadcrumbList","@id":"https:\/\/masaautocenter.com.br\/index.php\/promocoes\/#breadcrumb","itemListElement":[{"@type":"ListItem","position":1,"name":"Home","item":"https:\/\/masaautocenter.com.br\/"},{"@type":"ListItem","position":2,"name":"Promo\u00e7\u00f5es"}]},{"@type":"WebSite","@id":"https:\/\/masaautocenter.com.br\/#website","url":"https:\/\/masaautocenter.com.br\/","name":"Masa Auto Center","description":"Auto Center em Uberl\u00e2ndia ","publisher":{"@id":"https:\/\/masaautocenter.com.br\/#organization"},"potentialAction":[{"@type":"SearchAction","target":{"@type":"EntryPoint","urlTemplate":"https:\/\/masaautocenter.com.br\/?s={search_term_string}"},"query-input":{"@type":"PropertyValueSpecification","valueRequired":true,"valueName":"search_term_string"}}],"inLanguage":"en-US"},{"@type":"Organization","@id":"https:\/\/masaautocenter.com.br\/#organization","name":"Masa Auto Center Uberl\u00e2ndia","url":"https:\/\/masaautocenter.com.br\/","logo":{"@type":"ImageObject","inLanguage":"en-US","@id":"https:\/\/masaautocenter.com.br\/#\/schema\/logo\/image\/","url":"https:\/\/masaautocenter.com.br\/wp-content\/uploads\/2021\/09\/Logo-Masa-Yost.png","contentUrl":"https:\/\/masaautocenter.com.br\/wp-content\/uploads\/2021\/09\/Logo-Masa-Yost.png","width":750,"height":430,"caption":"Masa Auto Center Uberl\u00e2ndia"},"image":{"@id":"https:\/\/masaautocenter.com.br\/#\/schema\/logo\/image\/"},"sameAs":["https:\/\/www.facebook.com\/masajoaonaves\/","https:\/\/www.instagram.com\/masaautocenter\/"]}]}},"_links":{"self":[{"href":"https:\/\/masaautocenter.com.br\/index.php\/wp-json\/wp\/v2\/pages\/39","targetHints":{"allow":["GET"]}}],"collection":[{"href":"https:\/\/masaautocenter.com.br\/index.php\/wp-json\/wp\/v2\/pages"}],"about":[{"href":"https:\/\/masaautocenter.com.br\/index.php\/wp-json\/wp\/v2\/types\/page"}],"author":[{"embeddable":true,"href":"https:\/\/masaautocenter.com.br\/index.php\/wp-json\/wp\/v2\/users\/1"}],"replies":[{"embeddable":true,"href":"https:\/\/masaautocenter.com.br\/index.php\/wp-json\/wp\/v2\/comments?post=39"}],"version-history":[{"count":30,"href":"https:\/\/masaautocenter.com.br\/index.php\/wp-json\/wp\/v2\/pages\/39\/revisions"}],"predecessor-version":[{"id":2776,"href":"https:\/\/masaautocenter.com.br\/index.php\/wp-json\/wp\/v2\/pages\/39\/revisions\/2776"}],"wp:featuredmedia":[{"embeddable":true,"href":"https:\/\/masaautocenter.com.br\/index.php\/wp-json\/wp\/v2\/media\/680"}],"wp:attachment":[{"href":"https:\/\/masaautocenter.com.br\/index.php\/wp-json\/wp\/v2\/media?parent=39"}],"curies":[{"name":"wp","href":"https:\/\/api.w.org\/{rel}","templated":true}]}}