{"id":31,"date":"2021-07-30T16:40:05","date_gmt":"2021-07-30T19:40:05","guid":{"rendered":"https:\/\/masaautocenter.com.br\/?page_id=31"},"modified":"2021-09-20T15:21:02","modified_gmt":"2021-09-20T18:21:02","slug":"sobre-nos","status":"publish","type":"page","link":"https:\/\/masaautocenter.com.br\/index.php\/sobre-nos\/","title":{"rendered":"Sobre N\u00f3s"},"content":{"rendered":"\t\t<div data-elementor-type=\"wp-page\" data-elementor-id=\"31\" class=\"elementor elementor-31\" data-elementor-post-type=\"page\">\n\t\t\t\t\t\t<section class=\"elementor-section elementor-top-section elementor-element elementor-element-7ab6b1f elementor-section-boxed elementor-section-height-default elementor-section-height-default\" data-id=\"7ab6b1f\" data-element_type=\"section\" data-settings=\"{&quot;background_background&quot;:&quot;classic&quot;}\">\n\t\t\t\t\t\t<div class=\"elementor-container elementor-column-gap-default\">\n\t\t\t\t\t<div class=\"elementor-column elementor-col-100 elementor-top-column elementor-element elementor-element-34d6550\" data-id=\"34d6550\" data-element_type=\"column\">\n\t\t\t<div class=\"elementor-widget-wrap elementor-element-populated\">\n\t\t\t\t\t\t\t<\/div>\n\t\t<\/div>\n\t\t\t\t\t<\/div>\n\t\t<\/section>\n\t\t\t\t<section class=\"elementor-section elementor-top-section elementor-element elementor-element-4fac99f9 elementor-section-content-middle elementor-section-boxed elementor-section-height-default elementor-section-height-default\" data-id=\"4fac99f9\" data-element_type=\"section\" data-settings=\"{&quot;background_background&quot;:&quot;classic&quot;}\">\n\t\t\t\t\t\t<div class=\"elementor-container elementor-column-gap-no\">\n\t\t\t\t\t<div class=\"elementor-column elementor-col-100 elementor-top-column elementor-element elementor-element-7dd40122\" data-id=\"7dd40122\" data-element_type=\"column\">\n\t\t\t<div class=\"elementor-widget-wrap\">\n\t\t\t\t\t\t\t<\/div>\n\t\t<\/div>\n\t\t\t\t\t<\/div>\n\t\t<\/section>\n\t\t\t\t<section class=\"elementor-section elementor-top-section elementor-element elementor-element-c29c8d0 elementor-section-boxed elementor-section-height-default elementor-section-height-default\" data-id=\"c29c8d0\" data-element_type=\"section\">\n\t\t\t\t\t\t<div class=\"elementor-container elementor-column-gap-default\">\n\t\t\t\t\t<div class=\"elementor-column elementor-col-100 elementor-top-column elementor-element elementor-element-aa90f8c\" data-id=\"aa90f8c\" data-element_type=\"column\">\n\t\t\t<div class=\"elementor-widget-wrap\">\n\t\t\t\t\t\t\t<\/div>\n\t\t<\/div>\n\t\t\t\t\t<\/div>\n\t\t<\/section>\n\t\t\t\t<section class=\"elementor-section elementor-top-section elementor-element elementor-element-f040fc4 elementor-section-boxed elementor-section-height-default elementor-section-height-default\" data-id=\"f040fc4\" data-element_type=\"section\">\n\t\t\t\t\t\t<div class=\"elementor-container elementor-column-gap-default\">\n\t\t\t\t\t<div class=\"elementor-column elementor-col-50 elementor-top-column elementor-element elementor-element-8864339\" data-id=\"8864339\" data-element_type=\"column\">\n\t\t\t<div class=\"elementor-widget-wrap elementor-element-populated\">\n\t\t\t\t\t\t<div class=\"elementor-element elementor-element-375a58bc elementor-widget elementor-widget-text-editor\" data-id=\"375a58bc\" data-element_type=\"widget\" data-widget_type=\"text-editor.default\">\n\t\t\t\t<div class=\"elementor-widget-container\">\n\t\t\t\t\t\t\t\t\t<h3><span style=\"font-weight: 400;\">Hist\u00f3rico<\/span><\/h3><h6><span style=\"font-weight: 400;\">A ideia de um novo conceito em servi\u00e7os automotivos surgiu em 1995, quando percebeu-se que, na cidade de Uberl\u00e2ndia &#8211; MG, o perfil dos propriet\u00e1rios de ve\u00edculos estava mudando rapidamente. Visando servi\u00e7os com qualidade, rapidez, atendimento diferenciado, equipamentos e ferramentas modernas, pessoal treinado, ambiente limpo e organizado, enfim, profissionalismo a um pre\u00e7o justo, atrav\u00e9s de uma rela\u00e7\u00e3o transparente, surgia, assim, a Masa Auto Center, trazendo para Uberl\u00e2ndia novos conceitos e evolu\u00e7\u00f5es no setor, com uma loja moderna, em um ponto estrat\u00e9gico da cidade.<\/span><\/h6><h6><span style=\"font-weight: 400;\">No final do ano de 2003, consolidou-se no mercado de Uberl\u00e2ndia, passando a ser representante direta da f\u00e1brica de pneus Michelin, reconhecida como uma das melhores f\u00e1bricas de pneus do mundo.<\/span><\/h6><h6><span style=\"font-weight: 400;\">Em 2014, em parceria com a Porto Seguro Seguradora, tornou-se um CAPS (Centro Automotivo Porto Seguro) agregando conceitos mais modernos em servi\u00e7os e produtos automotivos, e mais do que nunca, buscando a excel\u00eancia no atendimento a seus clientes.<\/span><\/h6>\t\t\t\t\t\t\t\t<\/div>\n\t\t\t\t<\/div>\n\t\t\t\t\t<\/div>\n\t\t<\/div>\n\t\t\t\t<div class=\"elementor-column elementor-col-50 elementor-top-column elementor-element elementor-element-2c2ea8a\" data-id=\"2c2ea8a\" data-element_type=\"column\">\n\t\t\t<div class=\"elementor-widget-wrap elementor-element-populated\">\n\t\t\t\t\t\t<div class=\"elementor-element elementor-element-227c69c elementor-widget elementor-widget-text-editor\" data-id=\"227c69c\" data-element_type=\"widget\" data-widget_type=\"text-editor.default\">\n\t\t\t\t<div class=\"elementor-widget-container\">\n\t\t\t\t\t\t\t\t\t<h3><span style=\"font-weight: 400;\">Miss\u00e3o Masa Auto Center<\/span><\/h3><p><span style=\"font-weight: 400;\">Garantir a excel\u00eancia na entrega de produtos e servi\u00e7os automotivos, maximizando valor aos clientes.<\/span><\/p><h1 class=\"empresa\" style=\"padding: 0px; margin: 5px 20px; border: 0px; list-style: none; font-size: 1.4em; color: #005baa; font-family: Arial, Helvetica, sans-serif;\">\u00a0<\/h1><h3><span style=\"font-weight: 400;\">Vis\u00e3o Masa Auto Center<\/span><\/h3><p><span style=\"font-weight: 400;\">Tornar-nos refer\u00eancia na entrega de produtos e servi\u00e7os automotivos em Uberl\u00e2ndia e regi\u00e3o.<\/span><\/p><h1 class=\"empresa\" style=\"padding: 0px; margin: 5px 20px; border: 0px; list-style: none; font-size: 1.4em; color: #005baa; font-family: Arial, Helvetica, sans-serif;\">\u00a0<\/h1><h3><span style=\"font-weight: 400;\">Valores Masa Auto Center<\/span><\/h3><p><span style=\"font-weight: 400;\">Em uma rela\u00e7\u00e3o amig\u00e1vel e confi\u00e1vel com todos os envolvidos nos processos internos e externos da empresa, firmamos a valoriza\u00e7\u00e3o do pessoal e a identifica\u00e7\u00e3o das compet\u00eancias individuais e coletivas, reconhecendo-as de maneira justa.<\/span><\/p><h1 class=\"empresa\" style=\"padding: 0px; margin: 5px 20px; border: 0px; list-style: none; font-size: 1.4em; color: #005baa; font-family: Arial, Helvetica, sans-serif;\">\u00a0<\/h1><h3><span style=\"font-weight: 400;\">Nosso compromisso com a Qualidade<\/span><\/h3><ul><li style=\"font-weight: 400;\" aria-level=\"1\"><span style=\"font-weight: 400;\">Equipe atualizada e bem treinada.<\/span><\/li><li style=\"font-weight: 400;\" aria-level=\"1\"><span style=\"font-weight: 400;\">Solu\u00e7\u00f5es imediatas eliminando interven\u00e7\u00f5es in\u00fateis, evitando o desperd\u00edcio de tempo.<\/span><\/li><li style=\"font-weight: 400;\" aria-level=\"1\"><span style=\"font-weight: 400;\">Servi\u00e7os realizados com os melhores produtos do mercado.<\/span><\/li><\/ul>\t\t\t\t\t\t\t\t<\/div>\n\t\t\t\t<\/div>\n\t\t\t\t\t<\/div>\n\t\t<\/div>\n\t\t\t\t\t<\/div>\n\t\t<\/section>\n\t\t\t\t<\/div>\n\t\t","protected":false},"excerpt":{"rendered":"<p>Hist\u00f3rico A ideia de um novo conceito em servi\u00e7os automotivos surgiu em 1995, quando percebeu-se que, na cidade de Uberl\u00e2ndia &#8211; MG, o perfil dos propriet\u00e1rios de ve\u00edculos estava mudando rapidamente. Visando servi\u00e7os com qualidade, rapidez, atendimento diferenciado, equipamentos e ferramentas modernas, pessoal treinado, ambiente limpo e organizado, enfim, profissionalismo a um pre\u00e7o justo, atrav\u00e9s [&hellip;]<\/p>\n","protected":false},"author":1,"featured_media":529,"parent":0,"menu_order":0,"comment_status":"closed","ping_status":"closed","template":"elementor_theme","meta":{"_joinchat":[],"footnotes":""},"class_list":["post-31","page","type-page","status-publish","has-post-thumbnail","hentry"],"yoast_head":"<!-- This site is optimized with the Yoast SEO Premium plugin v26.0 (Yoast SEO v26.1.1) - https:\/\/yoast.com\/wordpress\/plugins\/seo\/ -->\n<title>Conhe\u00e7a a nossa historia - Confira nossa evolu\u00e7\u00e3o - Masa Auto Center<\/title>\n<meta name=\"description\" content=\"Conhe\u00e7a a nossa historia que nos possibilitou ofertar diversos servi\u00e7os e produtos, como Alinhamento, Amortecedores, Suspens\u00e3o, dentre outros\" \/>\n<meta name=\"robots\" content=\"index, follow, max-snippet:-1, max-image-preview:large, max-video-preview:-1\" \/>\n<link rel=\"canonical\" href=\"https:\/\/masaautocenter.com.br\/index.php\/sobre-nos\/\" \/>\n<meta property=\"og:locale\" content=\"en_US\" \/>\n<meta property=\"og:type\" content=\"article\" \/>\n<meta property=\"og:title\" content=\"Sobre N\u00f3s\" \/>\n<meta property=\"og:description\" content=\"Tudo para seu carro!Alinhamento, Amortecedores, Ar Condicionado, Balanceamento, Bateria, Escapamentos, Freios, Kit Servi\u00e7o, Limpeza do Sistema de Arrefecimento, Motor, Pneus, Regulagem Eletr\u00f4nica, Suspens\u00e3o, Troca de \u00d3leoUberl\u00e2ndia - Auto Center com quase 30 anos no mercado.\" \/>\n<meta property=\"og:url\" content=\"https:\/\/masaautocenter.com.br\/index.php\/sobre-nos\/\" \/>\n<meta property=\"og:site_name\" content=\"Masa Auto Center\" \/>\n<meta property=\"article:publisher\" content=\"https:\/\/www.facebook.com\/masajoaonaves\/\" \/>\n<meta property=\"article:modified_time\" content=\"2021-09-20T18:21:02+00:00\" \/>\n<meta property=\"og:image\" content=\"https:\/\/masaautocenter.com.br\/wp-content\/uploads\/2021\/08\/Masa-Servicos-.jpg\" \/>\n\t<meta property=\"og:image:width\" content=\"1920\" \/>\n\t<meta property=\"og:image:height\" content=\"1280\" \/>\n\t<meta property=\"og:image:type\" content=\"image\/jpeg\" \/>\n<meta name=\"twitter:card\" content=\"summary_large_image\" \/>\n<meta name=\"twitter:label1\" content=\"Est. reading time\" \/>\n\t<meta name=\"twitter:data1\" content=\"2 minutes\" \/>\n<script type=\"application\/ld+json\" class=\"yoast-schema-graph\">{\"@context\":\"https:\/\/schema.org\",\"@graph\":[{\"@type\":\"WebPage\",\"@id\":\"https:\/\/masaautocenter.com.br\/index.php\/sobre-nos\/\",\"url\":\"https:\/\/masaautocenter.com.br\/index.php\/sobre-nos\/\",\"name\":\"Conhe\u00e7a a nossa historia - Confira nossa evolu\u00e7\u00e3o - Masa Auto Center\",\"isPartOf\":{\"@id\":\"https:\/\/masaautocenter.com.br\/#website\"},\"primaryImageOfPage\":{\"@id\":\"https:\/\/masaautocenter.com.br\/index.php\/sobre-nos\/#primaryimage\"},\"image\":{\"@id\":\"https:\/\/masaautocenter.com.br\/index.php\/sobre-nos\/#primaryimage\"},\"thumbnailUrl\":\"https:\/\/masaautocenter.com.br\/wp-content\/uploads\/2021\/08\/Masa-Servicos-.jpg\",\"datePublished\":\"2021-07-30T19:40:05+00:00\",\"dateModified\":\"2021-09-20T18:21:02+00:00\",\"description\":\"Conhe\u00e7a a nossa historia que nos possibilitou ofertar diversos servi\u00e7os e produtos, como Alinhamento, Amortecedores, Suspens\u00e3o, dentre outros\",\"breadcrumb\":{\"@id\":\"https:\/\/masaautocenter.com.br\/index.php\/sobre-nos\/#breadcrumb\"},\"inLanguage\":\"en-US\",\"potentialAction\":[{\"@type\":\"ReadAction\",\"target\":[\"https:\/\/masaautocenter.com.br\/index.php\/sobre-nos\/\"]}]},{\"@type\":\"ImageObject\",\"inLanguage\":\"en-US\",\"@id\":\"https:\/\/masaautocenter.com.br\/index.php\/sobre-nos\/#primaryimage\",\"url\":\"https:\/\/masaautocenter.com.br\/wp-content\/uploads\/2021\/08\/Masa-Servicos-.jpg\",\"contentUrl\":\"https:\/\/masaautocenter.com.br\/wp-content\/uploads\/2021\/08\/Masa-Servicos-.jpg\",\"width\":1920,\"height\":1280,\"caption\":\"Tudo para seu carro! Alinhamento, Amortecedores, Ar Condicionado, Balanceamento, Bateria, Escapamentos, Freios, Kit Servi\u00e7o, Limpeza do Sistema de Arrefecimento, Motor, Pneus, Regulagem Eletr\u00f4nica, Suspens\u00e3o, Troca de \u00d3leo Uberl\u00e2ndia - Auto Center com quase 30 anos no mercado.\"},{\"@type\":\"BreadcrumbList\",\"@id\":\"https:\/\/masaautocenter.com.br\/index.php\/sobre-nos\/#breadcrumb\",\"itemListElement\":[{\"@type\":\"ListItem\",\"position\":1,\"name\":\"Home\",\"item\":\"https:\/\/masaautocenter.com.br\/\"},{\"@type\":\"ListItem\",\"position\":2,\"name\":\"Sobre N\u00f3s\"}]},{\"@type\":\"WebSite\",\"@id\":\"https:\/\/masaautocenter.com.br\/#website\",\"url\":\"https:\/\/masaautocenter.com.br\/\",\"name\":\"Masa Auto Center\",\"description\":\"Auto Center em Uberl\u00e2ndia \",\"publisher\":{\"@id\":\"https:\/\/masaautocenter.com.br\/#organization\"},\"potentialAction\":[{\"@type\":\"SearchAction\",\"target\":{\"@type\":\"EntryPoint\",\"urlTemplate\":\"https:\/\/masaautocenter.com.br\/?s={search_term_string}\"},\"query-input\":{\"@type\":\"PropertyValueSpecification\",\"valueRequired\":true,\"valueName\":\"search_term_string\"}}],\"inLanguage\":\"en-US\"},{\"@type\":\"Organization\",\"@id\":\"https:\/\/masaautocenter.com.br\/#organization\",\"name\":\"Masa Auto Center Uberl\u00e2ndia\",\"url\":\"https:\/\/masaautocenter.com.br\/\",\"logo\":{\"@type\":\"ImageObject\",\"inLanguage\":\"en-US\",\"@id\":\"https:\/\/masaautocenter.com.br\/#\/schema\/logo\/image\/\",\"url\":\"https:\/\/masaautocenter.com.br\/wp-content\/uploads\/2021\/09\/Logo-Masa-Yost.png\",\"contentUrl\":\"https:\/\/masaautocenter.com.br\/wp-content\/uploads\/2021\/09\/Logo-Masa-Yost.png\",\"width\":750,\"height\":430,\"caption\":\"Masa Auto Center Uberl\u00e2ndia\"},\"image\":{\"@id\":\"https:\/\/masaautocenter.com.br\/#\/schema\/logo\/image\/\"},\"sameAs\":[\"https:\/\/www.facebook.com\/masajoaonaves\/\",\"https:\/\/www.instagram.com\/masaautocenter\/\"]}]}<\/script>\n<!-- \/ Yoast SEO Premium plugin. -->","yoast_head_json":{"title":"Conhe\u00e7a a nossa historia - Confira nossa evolu\u00e7\u00e3o - Masa Auto Center","description":"Conhe\u00e7a a nossa historia que nos possibilitou ofertar diversos servi\u00e7os e produtos, como Alinhamento, Amortecedores, Suspens\u00e3o, dentre outros","robots":{"index":"index","follow":"follow","max-snippet":"max-snippet:-1","max-image-preview":"max-image-preview:large","max-video-preview":"max-video-preview:-1"},"canonical":"https:\/\/masaautocenter.com.br\/index.php\/sobre-nos\/","og_locale":"en_US","og_type":"article","og_title":"Sobre N\u00f3s","og_description":"Tudo para seu carro!Alinhamento, Amortecedores, Ar Condicionado, Balanceamento, Bateria, Escapamentos, Freios, Kit Servi\u00e7o, Limpeza do Sistema de Arrefecimento, Motor, Pneus, Regulagem Eletr\u00f4nica, Suspens\u00e3o, Troca de \u00d3leoUberl\u00e2ndia - Auto Center com quase 30 anos no mercado.","og_url":"https:\/\/masaautocenter.com.br\/index.php\/sobre-nos\/","og_site_name":"Masa Auto Center","article_publisher":"https:\/\/www.facebook.com\/masajoaonaves\/","article_modified_time":"2021-09-20T18:21:02+00:00","og_image":[{"width":1920,"height":1280,"url":"https:\/\/masaautocenter.com.br\/wp-content\/uploads\/2021\/08\/Masa-Servicos-.jpg","type":"image\/jpeg"}],"twitter_card":"summary_large_image","twitter_misc":{"Est. reading time":"2 minutes"},"schema":{"@context":"https:\/\/schema.org","@graph":[{"@type":"WebPage","@id":"https:\/\/masaautocenter.com.br\/index.php\/sobre-nos\/","url":"https:\/\/masaautocenter.com.br\/index.php\/sobre-nos\/","name":"Conhe\u00e7a a nossa historia - Confira nossa evolu\u00e7\u00e3o - Masa Auto Center","isPartOf":{"@id":"https:\/\/masaautocenter.com.br\/#website"},"primaryImageOfPage":{"@id":"https:\/\/masaautocenter.com.br\/index.php\/sobre-nos\/#primaryimage"},"image":{"@id":"https:\/\/masaautocenter.com.br\/index.php\/sobre-nos\/#primaryimage"},"thumbnailUrl":"https:\/\/masaautocenter.com.br\/wp-content\/uploads\/2021\/08\/Masa-Servicos-.jpg","datePublished":"2021-07-30T19:40:05+00:00","dateModified":"2021-09-20T18:21:02+00:00","description":"Conhe\u00e7a a nossa historia que nos possibilitou ofertar diversos servi\u00e7os e produtos, como Alinhamento, Amortecedores, Suspens\u00e3o, dentre outros","breadcrumb":{"@id":"https:\/\/masaautocenter.com.br\/index.php\/sobre-nos\/#breadcrumb"},"inLanguage":"en-US","potentialAction":[{"@type":"ReadAction","target":["https:\/\/masaautocenter.com.br\/index.php\/sobre-nos\/"]}]},{"@type":"ImageObject","inLanguage":"en-US","@id":"https:\/\/masaautocenter.com.br\/index.php\/sobre-nos\/#primaryimage","url":"https:\/\/masaautocenter.com.br\/wp-content\/uploads\/2021\/08\/Masa-Servicos-.jpg","contentUrl":"https:\/\/masaautocenter.com.br\/wp-content\/uploads\/2021\/08\/Masa-Servicos-.jpg","width":1920,"height":1280,"caption":"Tudo para seu carro! Alinhamento, Amortecedores, Ar Condicionado, Balanceamento, Bateria, Escapamentos, Freios, Kit Servi\u00e7o, Limpeza do Sistema de Arrefecimento, Motor, Pneus, Regulagem Eletr\u00f4nica, Suspens\u00e3o, Troca de \u00d3leo Uberl\u00e2ndia - Auto Center com quase 30 anos no mercado."},{"@type":"BreadcrumbList","@id":"https:\/\/masaautocenter.com.br\/index.php\/sobre-nos\/#breadcrumb","itemListElement":[{"@type":"ListItem","position":1,"name":"Home","item":"https:\/\/masaautocenter.com.br\/"},{"@type":"ListItem","position":2,"name":"Sobre N\u00f3s"}]},{"@type":"WebSite","@id":"https:\/\/masaautocenter.com.br\/#website","url":"https:\/\/masaautocenter.com.br\/","name":"Masa Auto Center","description":"Auto Center em Uberl\u00e2ndia ","publisher":{"@id":"https:\/\/masaautocenter.com.br\/#organization"},"potentialAction":[{"@type":"SearchAction","target":{"@type":"EntryPoint","urlTemplate":"https:\/\/masaautocenter.com.br\/?s={search_term_string}"},"query-input":{"@type":"PropertyValueSpecification","valueRequired":true,"valueName":"search_term_string"}}],"inLanguage":"en-US"},{"@type":"Organization","@id":"https:\/\/masaautocenter.com.br\/#organization","name":"Masa Auto Center Uberl\u00e2ndia","url":"https:\/\/masaautocenter.com.br\/","logo":{"@type":"ImageObject","inLanguage":"en-US","@id":"https:\/\/masaautocenter.com.br\/#\/schema\/logo\/image\/","url":"https:\/\/masaautocenter.com.br\/wp-content\/uploads\/2021\/09\/Logo-Masa-Yost.png","contentUrl":"https:\/\/masaautocenter.com.br\/wp-content\/uploads\/2021\/09\/Logo-Masa-Yost.png","width":750,"height":430,"caption":"Masa Auto Center Uberl\u00e2ndia"},"image":{"@id":"https:\/\/masaautocenter.com.br\/#\/schema\/logo\/image\/"},"sameAs":["https:\/\/www.facebook.com\/masajoaonaves\/","https:\/\/www.instagram.com\/masaautocenter\/"]}]}},"_links":{"self":[{"href":"https:\/\/masaautocenter.com.br\/index.php\/wp-json\/wp\/v2\/pages\/31","targetHints":{"allow":["GET"]}}],"collection":[{"href":"https:\/\/masaautocenter.com.br\/index.php\/wp-json\/wp\/v2\/pages"}],"about":[{"href":"https:\/\/masaautocenter.com.br\/index.php\/wp-json\/wp\/v2\/types\/page"}],"author":[{"embeddable":true,"href":"https:\/\/masaautocenter.com.br\/index.php\/wp-json\/wp\/v2\/users\/1"}],"replies":[{"embeddable":true,"href":"https:\/\/masaautocenter.com.br\/index.php\/wp-json\/wp\/v2\/comments?post=31"}],"version-history":[{"count":0,"href":"https:\/\/masaautocenter.com.br\/index.php\/wp-json\/wp\/v2\/pages\/31\/revisions"}],"wp:featuredmedia":[{"embeddable":true,"href":"https:\/\/masaautocenter.com.br\/index.php\/wp-json\/wp\/v2\/media\/529"}],"wp:attachment":[{"href":"https:\/\/masaautocenter.com.br\/index.php\/wp-json\/wp\/v2\/media?parent=31"}],"curies":[{"name":"wp","href":"https:\/\/api.w.org\/{rel}","templated":true}]}}